{"id":9083,"date":"2024-11-11T15:03:13","date_gmt":"2024-11-11T14:03:13","guid":{"rendered":"https:\/\/rawa-ruska-union-nationale.fr\/?page_id=9083"},"modified":"2024-11-11T17:09:53","modified_gmt":"2024-11-11T16:09:53","slug":"conference-de-valentin-schneider","status":"publish","type":"page","link":"https:\/\/rawa-ruska-union-nationale.fr\/index.php\/conference-de-valentin-schneider\/","title":{"rendered":"Conf\u00e9rence de Valentin SCHNEIDER"},"content":{"rendered":"\n<h2 class=\"wp-block-heading\">Pourquoi Rawa-Ruska ?<\/h2>\n\n\n\n<p class=\"wp-block-paragraph\">Cette conf\u00e9rence porte sur la question complexe du transfert des prisonniers de guerre fran\u00e7ais vers le territoire du Gouvernement G\u00e9n\u00e9ral par les Allemands pendant la seconde Guerre mondiale.<\/p>\n\n\n\n<h2 class=\"wp-block-heading\">Pr\u00e9sentation de Valentin Schneider<\/h2>\n\n\n\n<ul class=\"wp-block-list\">\n<li>N\u00e9 en 1983 en R\u00e9publique F\u00e9d\u00e9rale d&#8217;Allemagne,<\/li>\n\n\n\n<li>Historien de la Seconde Guerre Mondiale, sp\u00e9cialiste de la captivit\u00e9 de guerre et de l&#8217;occupation allemande, notamment en France et en Gr\u00e8ce,<\/li>\n\n\n\n<li>Docteur en histoire dipl\u00f4m\u00e9 de l&#8217;Universit\u00e9 de Caen en 2013, docteur en sciences politiques et relations internationales, dipl\u00f4m\u00e9 de l&#8217;Universit\u00e9 de Nottingham en 2016<\/li>\n\n\n\n<li>Chercheur invit\u00e9 \u00e0 la Fondation Nationale Hell\u00e9nique de la recherche \u00e0 Ath\u00e8nes et charg\u00e9 de cours \u00e0 l&#8217;universit\u00e9 Osnabr\u00fccken en Allemagne<\/li>\n\n\n\n<li>Auteur du livre &#8220;Un million de prisonniers allemands en France 1944 &#8211; 1948&#8221; (premier ouvrage en fran\u00e7ais sur la question des prisonniers de guerre allemands en France<\/li>\n\n\n\n<li>Nationalit\u00e9 fran\u00e7aise depuis 2022<\/li>\n<\/ul>\n\n\n<audio class=\"wp-audio-shortcode\" id=\"audio-9083-1\" preload=\"none\" style=\"width: 100%;\" controls=\"controls\"><source type=\"audio\/mpeg\" src=\"https:\/\/rawa-ruska-union-nationale.fr\/wp-content\/uploads\/2024\/11\/conf-Valentin-UN-190924-reduit.mp3?_=1\" \/><a href=\"https:\/\/rawa-ruska-union-nationale.fr\/wp-content\/uploads\/2024\/11\/conf-Valentin-UN-190924-reduit.mp3\">https:\/\/rawa-ruska-union-nationale.fr\/wp-content\/uploads\/2024\/11\/conf-Valentin-UN-190924-reduit.mp3<\/a><\/audio>\n\n\n\n\n<p class=\"has-text-align-center wp-block-paragraph\">&nbsp;<em>Pour \u00e9couter la conf\u00e9rence activer les curseurs aux extr\u00e9mit\u00e9s de la r\u00e9glette : marche avant, pause, arr\u00eat (\u00e0 gauche) et audition (\u00e0 droite). L&#8217;enregistrement est d&#8217;environ 1 heure 28 minutes<br><\/em><\/p>\n\n\n\n<div class=\"wp-block-buttons is-content-justification-right is-layout-flex wp-container-core-buttons-is-layout-89b4c9e9 wp-block-buttons-is-layout-flex\">\n<div class=\"wp-block-button\"><a class=\"wp-block-button__link has-luminous-vivid-orange-background-color has-background has-text-align-center wp-element-button\" href=\"https:\/\/rawa-ruska-union-nationale.fr\/index.php\/congres-annuel-19-septembre-2024\/\">Retour \u00e0 l&#8217;accueil du Congr\u00e8s<\/a><\/div>\n<\/div>\n\n\n\n<p class=\"wp-block-paragraph\">&nbsp;<\/p>\n","protected":false},"excerpt":{"rendered":"<p>Pourquoi Rawa-Ruska ? Cette conf\u00e9rence porte sur la question complexe du transfert des prisonniers de guerre fran\u00e7ais vers le territoire du Gouvernement G\u00e9n\u00e9ral par les Allemands pendant la seconde Guerre mondiale. Pr\u00e9sentation de Valentin Schneider &nbsp;Pour \u00e9couter la conf\u00e9rence activer les curseurs aux extr\u00e9mit\u00e9s de la r\u00e9glette : marche avant, pause, arr\u00eat (\u00e0 gauche) et &hellip; <\/p>\n<p class=\"link-more\"><a href=\"https:\/\/rawa-ruska-union-nationale.fr\/index.php\/conference-de-valentin-schneider\/\" class=\"more-link\">Continuer la lecture<span class=\"screen-reader-text\"> de &laquo;&nbsp;Conf\u00e9rence de Valentin SCHNEIDER&nbsp;&raquo;<\/span><\/a><\/p>\n","protected":false},"author":1,"featured_media":0,"parent":0,"menu_order":0,"comment_status":"closed","ping_status":"closed","template":"","meta":{"_bbp_topic_count":0,"_bbp_reply_count":0,"_bbp_total_topic_count":0,"_bbp_total_reply_count":0,"_bbp_voice_count":0,"_bbp_anonymous_reply_count":0,"_bbp_topic_count_hidden":0,"_bbp_reply_count_hidden":0,"_bbp_forum_subforum_count":0,"_crdt_document":"","two_page_speed":[],"footnotes":""},"class_list":["post-9083","page","type-page","status-publish","hentry"],"_links":{"self":[{"href":"https:\/\/rawa-ruska-union-nationale.fr\/index.php\/wp-json\/wp\/v2\/pages\/9083","targetHints":{"allow":["GET"]}}],"collection":[{"href":"https:\/\/rawa-ruska-union-nationale.fr\/index.php\/wp-json\/wp\/v2\/pages"}],"about":[{"href":"https:\/\/rawa-ruska-union-nationale.fr\/index.php\/wp-json\/wp\/v2\/types\/page"}],"author":[{"embeddable":true,"href":"https:\/\/rawa-ruska-union-nationale.fr\/index.php\/wp-json\/wp\/v2\/users\/1"}],"replies":[{"embeddable":true,"href":"https:\/\/rawa-ruska-union-nationale.fr\/index.php\/wp-json\/wp\/v2\/comments?post=9083"}],"version-history":[{"count":10,"href":"https:\/\/rawa-ruska-union-nationale.fr\/index.php\/wp-json\/wp\/v2\/pages\/9083\/revisions"}],"predecessor-version":[{"id":9123,"href":"https:\/\/rawa-ruska-union-nationale.fr\/index.php\/wp-json\/wp\/v2\/pages\/9083\/revisions\/9123"}],"wp:attachment":[{"href":"https:\/\/rawa-ruska-union-nationale.fr\/index.php\/wp-json\/wp\/v2\/media?parent=9083"}],"curies":[{"name":"wp","href":"https:\/\/api.w.org\/{rel}","templated":true}]}}