{"id":9097,"date":"2024-11-11T15:07:49","date_gmt":"2024-11-11T14:07:49","guid":{"rendered":"https:\/\/rawa-ruska-union-nationale.fr\/?page_id=9097"},"modified":"2025-06-05T17:14:09","modified_gmt":"2025-06-05T15:14:09","slug":"congres-annuel-19-septembre-2024","status":"publish","type":"page","link":"https:\/\/rawa-ruska-union-nationale.fr\/index.php\/congres-annuel-19-septembre-2024\/","title":{"rendered":"Congr\u00e8s annuels"},"content":{"rendered":"\n<h1 class=\"wp-block-heading\" style=\"text-align: center;\">Congr\u00e8s du 19 septembre 2024<\/h1>\r\n<h2 class=\"wp-block-heading has-text-align-center\"><strong>Accueil musical \u00e0 la Mairie de Paris (20\u00e9me)<\/strong><\/h2>\n\n\n\n<ul class=\"wp-block-list\">\n<li>Chorale coll\u00e8ge Doisneau<\/li>\n\n\n\n<li>Chorale \u00e9cole Gambetta<\/li>\n\n\n\n<li>Quatuor de clarinettes de la musique des gardiens de la paix<\/li>\n\n\n\n<li>Professeurs de Musique : Laurent Jochum et Mathieu Boutet<\/li>\n<\/ul>\n\n\n\n<p class=\"wp-block-paragraph\">interpr\u00e9tant :<\/p>\n\n\n\n<ul class=\"wp-block-list\">\n<li>La Marseillaise,<\/li>\n\n\n\n<li>Le chant des partisans<\/li>\n\n\n\n<li>Fleur de Paris<\/li>\n\n\n\n<li>Douce France<\/li>\n\n\n\n<li>l&#8217;Hymne europ\u00e9en<\/li>\n<\/ul>\n\n\n\n<div class=\"wp-block-buttons is-content-justification-center is-layout-flex wp-container-core-buttons-is-layout-fe48e5de wp-block-buttons-is-layout-flex\">\n<div class=\"wp-block-button\"><a class=\"wp-block-button__link has-vivid-cyan-blue-background-color has-background has-text-align-center wp-element-button\" href=\"https:\/\/photos.app.goo.gl\/MMni3MnLtXhLDtgZA\">Album photos : chorales et musique<\/a><\/div>\n<\/div>\n\n\n\n<p class=\"has-text-align-center wp-block-paragraph\"><em>Cr\u00e9dit photos : Laurent&nbsp;Bourgogne&nbsp;\/ Ville de Paris<\/em><\/p>\n\n\n\n<p class=\"wp-block-paragraph\">&nbsp;<\/p>\n\n\n\n<h2 class=\"wp-block-heading has-text-align-center\"><strong>Conf\u00e9rence Valentin Schneider : Pourquoi Rawa-Ruska<\/strong> <strong>?<\/strong><\/h2>\n\n\n\n<div class=\"wp-block-buttons is-content-justification-center is-layout-flex wp-container-core-buttons-is-layout-fe48e5de wp-block-buttons-is-layout-flex\">\n<div class=\"wp-block-button\"><a class=\"wp-block-button__link has-luminous-vivid-orange-background-color has-background wp-element-button\" href=\"https:\/\/rawa-ruska-union-nationale.fr\/index.php\/conference-de-valentin-schneider\/\">Vers la conf\u00e9rence<\/a><\/div>\n<\/div>\n\n\n\n<h2 class=\"wp-block-heading has-text-align-center\"><strong>Comm\u00e9moration du P\u00e8re-Lachaise<\/strong><\/h2>\n\n\n\n<p class=\"wp-block-paragraph\">Chorales, musiciens et adh\u00e9rents autour de la St\u00e8le de Rawa-Ruska.<\/p>\n\n\n\n<p class=\"wp-block-paragraph\">Visite autour des monuments li\u00e9s aux exterminations nazis<\/p>\n\n\n\n<div class=\"wp-block-buttons is-content-justification-center is-layout-flex wp-container-core-buttons-is-layout-fe48e5de wp-block-buttons-is-layout-flex\">\n<div class=\"wp-block-button\"><a class=\"wp-block-button__link has-vivid-cyan-blue-background-color has-background wp-element-button\" href=\"https:\/\/photos.app.goo.gl\/htKaE5L3yw8MquZY8\">Album photos : P\u00e8re-Lachaise<\/a><\/div>\n<\/div>\n\n\n\n<p class=\"has-text-align-center wp-block-paragraph\"><em>Cr\u00e9dit photos : Laurent&nbsp;Bourgogne&nbsp;\/ Ville de Paris<\/em><\/p>\n\n\n\n<p class=\"wp-block-paragraph\">&nbsp;<\/p>\n","protected":false},"excerpt":{"rendered":"<p>Congr\u00e8s du 19 septembre 2024 Accueil musical \u00e0 la Mairie de Paris (20\u00e9me) interpr\u00e9tant : Cr\u00e9dit photos : Laurent&nbsp;Bourgogne&nbsp;\/ Ville de Paris &nbsp; Conf\u00e9rence Valentin Schneider : Pourquoi Rawa-Ruska ? Comm\u00e9moration du P\u00e8re-Lachaise Chorales, musiciens et adh\u00e9rents autour de la St\u00e8le de Rawa-Ruska. Visite autour des monuments li\u00e9s aux exterminations nazis Cr\u00e9dit photos : Laurent&nbsp;Bourgogne&nbsp;\/ &hellip; <\/p>\n<p class=\"link-more\"><a href=\"https:\/\/rawa-ruska-union-nationale.fr\/index.php\/congres-annuel-19-septembre-2024\/\" class=\"more-link\">Continuer la lecture<span class=\"screen-reader-text\"> de &laquo;&nbsp;Congr\u00e8s annuels&nbsp;&raquo;<\/span><\/a><\/p>\n","protected":false},"author":1,"featured_media":0,"parent":0,"menu_order":0,"comment_status":"closed","ping_status":"closed","template":"","meta":{"_bbp_topic_count":0,"_bbp_reply_count":0,"_bbp_total_topic_count":0,"_bbp_total_reply_count":0,"_bbp_voice_count":0,"_bbp_anonymous_reply_count":0,"_bbp_topic_count_hidden":0,"_bbp_reply_count_hidden":0,"_bbp_forum_subforum_count":0,"_crdt_document":"","two_page_speed":[],"footnotes":""},"class_list":["post-9097","page","type-page","status-publish","hentry"],"_links":{"self":[{"href":"https:\/\/rawa-ruska-union-nationale.fr\/index.php\/wp-json\/wp\/v2\/pages\/9097","targetHints":{"allow":["GET"]}}],"collection":[{"href":"https:\/\/rawa-ruska-union-nationale.fr\/index.php\/wp-json\/wp\/v2\/pages"}],"about":[{"href":"https:\/\/rawa-ruska-union-nationale.fr\/index.php\/wp-json\/wp\/v2\/types\/page"}],"author":[{"embeddable":true,"href":"https:\/\/rawa-ruska-union-nationale.fr\/index.php\/wp-json\/wp\/v2\/users\/1"}],"replies":[{"embeddable":true,"href":"https:\/\/rawa-ruska-union-nationale.fr\/index.php\/wp-json\/wp\/v2\/comments?post=9097"}],"version-history":[{"count":18,"href":"https:\/\/rawa-ruska-union-nationale.fr\/index.php\/wp-json\/wp\/v2\/pages\/9097\/revisions"}],"predecessor-version":[{"id":9533,"href":"https:\/\/rawa-ruska-union-nationale.fr\/index.php\/wp-json\/wp\/v2\/pages\/9097\/revisions\/9533"}],"wp:attachment":[{"href":"https:\/\/rawa-ruska-union-nationale.fr\/index.php\/wp-json\/wp\/v2\/media?parent=9097"}],"curies":[{"name":"wp","href":"https:\/\/api.w.org\/{rel}","templated":true}]}}