{"id":9439,"date":"2025-03-29T21:31:54","date_gmt":"2025-03-29T20:31:54","guid":{"rendered":"https:\/\/rawa-ruska-union-nationale.fr\/?page_id=9439"},"modified":"2025-04-03T21:32:56","modified_gmt":"2025-04-03T19:32:56","slug":"infos-12-avril-2025","status":"publish","type":"page","link":"https:\/\/rawa-ruska-union-nationale.fr\/index.php\/infos-12-avril-2025\/","title":{"rendered":"Infos 12 avril 2025"},"content":{"rendered":"\n<p>&nbsp;<\/p>\n<p>Une conf\u00e9rence est organis\u00e9e par la FNDIRP dans l&#8217;apr\u00e8s-midi du 12 avril \u00e0 14 h 30. Elle portera sur : &#8220;Itin\u00e9raire des Aviateurs Alli\u00e9s d\u00e9port\u00e9s \u00e0 Buchenwald&#8221;. Elle aura lieu au th\u00e9\u00e2tre &#8220;Au fil de l&#8217;eau&#8221;<br \/>\n20 rue Delizy \u00e0 Pantin (93500).<\/p>\n\n","protected":false},"excerpt":{"rendered":"<p>&nbsp; Une conf\u00e9rence est organis\u00e9e par la FNDIRP dans l&#8217;apr\u00e8s-midi du 12 avril \u00e0 14 h 30. Elle portera sur : &#8220;Itin\u00e9raire des Aviateurs Alli\u00e9s d\u00e9port\u00e9s \u00e0 Buchenwald&#8221;. Elle aura lieu au th\u00e9\u00e2tre &#8220;Au fil de l&#8217;eau&#8221; 20 rue Delizy \u00e0 Pantin (93500).<\/p>\n","protected":false},"author":1,"featured_media":0,"parent":0,"menu_order":0,"comment_status":"closed","ping_status":"closed","template":"","meta":{"_bbp_topic_count":0,"_bbp_reply_count":0,"_bbp_total_topic_count":0,"_bbp_total_reply_count":0,"_bbp_voice_count":0,"_bbp_anonymous_reply_count":0,"_bbp_topic_count_hidden":0,"_bbp_reply_count_hidden":0,"_bbp_forum_subforum_count":0,"_crdt_document":"","two_page_speed":[],"footnotes":""},"class_list":["post-9439","page","type-page","status-publish","hentry"],"_links":{"self":[{"href":"https:\/\/rawa-ruska-union-nationale.fr\/index.php\/wp-json\/wp\/v2\/pages\/9439","targetHints":{"allow":["GET"]}}],"collection":[{"href":"https:\/\/rawa-ruska-union-nationale.fr\/index.php\/wp-json\/wp\/v2\/pages"}],"about":[{"href":"https:\/\/rawa-ruska-union-nationale.fr\/index.php\/wp-json\/wp\/v2\/types\/page"}],"author":[{"embeddable":true,"href":"https:\/\/rawa-ruska-union-nationale.fr\/index.php\/wp-json\/wp\/v2\/users\/1"}],"replies":[{"embeddable":true,"href":"https:\/\/rawa-ruska-union-nationale.fr\/index.php\/wp-json\/wp\/v2\/comments?post=9439"}],"version-history":[{"count":6,"href":"https:\/\/rawa-ruska-union-nationale.fr\/index.php\/wp-json\/wp\/v2\/pages\/9439\/revisions"}],"predecessor-version":[{"id":9447,"href":"https:\/\/rawa-ruska-union-nationale.fr\/index.php\/wp-json\/wp\/v2\/pages\/9439\/revisions\/9447"}],"wp:attachment":[{"href":"https:\/\/rawa-ruska-union-nationale.fr\/index.php\/wp-json\/wp\/v2\/media?parent=9439"}],"curies":[{"name":"wp","href":"https:\/\/api.w.org\/{rel}","templated":true}]}}