{"id":9506,"date":"2025-05-09T21:38:48","date_gmt":"2025-05-09T19:38:48","guid":{"rendered":"https:\/\/rawa-ruska-union-nationale.fr\/?page_id=9506"},"modified":"2025-05-09T21:44:16","modified_gmt":"2025-05-09T19:44:16","slug":"archives-actualites-ukrain","status":"publish","type":"page","link":"https:\/\/rawa-ruska-union-nationale.fr\/index.php\/archives-actualites-ukrain\/","title":{"rendered":"Archives Actualit\u00e9s Ukraine"},"content":{"rendered":"\r\n\r\n\r\n<p class=\"wp-block-paragraph\">13 mai 2024 &#8211; R\u00e9ponse de <a href=\"https:\/\/rawa-ruska-union-nationale.fr\/wp-content\/uploads\/2024\/05\/reponse-jacques-13052024.pdf\">Jacques BRUMENT<\/a> &#8211; Pr\u00e9sident de l&#8217;Union nationale<\/p>\r\n\r\n\r\n\r\n<p class=\"wp-block-paragraph\">8 mai 2024 &#8211; <a href=\"https:\/\/rawa-ruska-union-nationale.fr\/index.php\/ukraine-8-mai-2024\/\">Journ\u00e9e du souvenir et de la r\u00e9conciliation<\/a> pour ceux qui ont perdu la vie pendant la Seconde Guerre mondiale &#8211; mail Yuriy REPETA<\/p>\r\n\r\n\r\n\r\n<p class=\"wp-block-paragraph\">8 mai 2023 &#8211; <a href=\"https:\/\/rawa-ruska-union-nationale.fr\/wp-content\/uploads\/2023\/05\/actualite_ukraine_yuriy_brument.pdf\">Journ\u00e9e du souvenir et de la r\u00e9conciliation<\/a> pour ceux qui ont perdu la vie pendant la Seconde Guerre mondiale &#8211; \u00e9changes\u00a0 Yuriy REPETA et Jacques BRUMENT<\/p>\r\n\r\n\r\n\r\n<p class=\"wp-block-paragraph\">3 janvier 2023 &#8211; <a href=\"https:\/\/rawa-ruska-union-nationale.fr\/wp-content\/uploads\/2023\/01\/lettre-voeux-UN.pdf\">\u00c9changes de v\u0153ux<\/a> entre l&#8217;Union nationale et les correspondants ukrainiens<\/p>\r\n\r\n\r\n\r\n<p class=\"wp-block-paragraph\">14 avril 2022 &#8211; R\u00e9ponse de <a href=\"https:\/\/rawa-ruska-union-nationale.fr\/wp-content\/uploads\/2022\/04\/rep_brument_repeta.pdf\">Jacques BRUMENT<\/a> &#8211; Pr\u00e9sident de l&#8217;Union nationale<\/p>\r\n\r\n\r\n\r\n<p class=\"wp-block-paragraph\">13 avril 2022 &#8211; Mail de <a href=\"https:\/\/rawa-ruska-union-nationale.fr\/wp-content\/uploads\/2022\/04\/mail_repeta.pdf\">Yuri REPETA<\/a> (repr\u00e9sentant du Souvenir fran\u00e7ais en Ukraine)<\/p>","protected":false},"excerpt":{"rendered":"<p>13 mai 2024 &#8211; R\u00e9ponse de Jacques BRUMENT &#8211; Pr\u00e9sident de l&#8217;Union nationale 8 mai 2024 &#8211; Journ\u00e9e du souvenir et de la r\u00e9conciliation pour ceux qui ont perdu la vie pendant la Seconde Guerre mondiale &#8211; mail Yuriy REPETA 8 mai 2023 &#8211; Journ\u00e9e du souvenir et de la r\u00e9conciliation pour ceux qui ont &hellip; <\/p>\n<p class=\"link-more\"><a href=\"https:\/\/rawa-ruska-union-nationale.fr\/index.php\/archives-actualites-ukrain\/\" class=\"more-link\">Continuer la lecture<span class=\"screen-reader-text\"> de &laquo;&nbsp;Archives Actualit\u00e9s Ukraine&nbsp;&raquo;<\/span><\/a><\/p>\n","protected":false},"author":1,"featured_media":0,"parent":0,"menu_order":0,"comment_status":"closed","ping_status":"closed","template":"","meta":{"_bbp_topic_count":0,"_bbp_reply_count":0,"_bbp_total_topic_count":0,"_bbp_total_reply_count":0,"_bbp_voice_count":0,"_bbp_anonymous_reply_count":0,"_bbp_topic_count_hidden":0,"_bbp_reply_count_hidden":0,"_bbp_forum_subforum_count":0,"_crdt_document":"","two_page_speed":[],"footnotes":""},"class_list":["post-9506","page","type-page","status-publish","hentry"],"_links":{"self":[{"href":"https:\/\/rawa-ruska-union-nationale.fr\/index.php\/wp-json\/wp\/v2\/pages\/9506","targetHints":{"allow":["GET"]}}],"collection":[{"href":"https:\/\/rawa-ruska-union-nationale.fr\/index.php\/wp-json\/wp\/v2\/pages"}],"about":[{"href":"https:\/\/rawa-ruska-union-nationale.fr\/index.php\/wp-json\/wp\/v2\/types\/page"}],"author":[{"embeddable":true,"href":"https:\/\/rawa-ruska-union-nationale.fr\/index.php\/wp-json\/wp\/v2\/users\/1"}],"replies":[{"embeddable":true,"href":"https:\/\/rawa-ruska-union-nationale.fr\/index.php\/wp-json\/wp\/v2\/comments?post=9506"}],"version-history":[{"count":4,"href":"https:\/\/rawa-ruska-union-nationale.fr\/index.php\/wp-json\/wp\/v2\/pages\/9506\/revisions"}],"predecessor-version":[{"id":9511,"href":"https:\/\/rawa-ruska-union-nationale.fr\/index.php\/wp-json\/wp\/v2\/pages\/9506\/revisions\/9511"}],"wp:attachment":[{"href":"https:\/\/rawa-ruska-union-nationale.fr\/index.php\/wp-json\/wp\/v2\/media?parent=9506"}],"curies":[{"name":"wp","href":"https:\/\/api.w.org\/{rel}","templated":true}]}}