{"id":9710,"date":"2025-08-02T18:27:25","date_gmt":"2025-08-02T16:27:25","guid":{"rendered":"https:\/\/rawa-ruska-union-nationale.fr\/?page_id=9710"},"modified":"2025-12-28T09:36:41","modified_gmt":"2025-12-28T08:36:41","slug":"le-livre-du-80eme-anniversaire","status":"publish","type":"page","link":"https:\/\/rawa-ruska-union-nationale.fr\/index.php\/le-livre-du-80eme-anniversaire\/","title":{"rendered":"Le livre du 80eme anniversaire&#8230;"},"content":{"rendered":"\n<h2 class=\"wp-block-heading has-text-align-center\">&#8230;de l&#8217;ouverture du camp (13 avril 1942)<\/h2>\n\n\n<a href=\"https:\/\/rawa-ruska-union-nationale.fr\/wp-content\/uploads\/2022\/03\/Couverture.pdf\" class=\"pdfemb-viewer\" style=\"\" data-width=\"max\" data-height=\"max\" data-toolbar=\"both\" data-toolbar-fixed=\"on\">Couverture<\/a>\n\n\n\n<p class=\"wp-block-paragraph\"><\/p>\n\n\n\n<p class=\"has-text-align-center wp-block-paragraph\"><a href=\"https:\/\/rawa-ruska-union-nationale.fr\/wp-content\/uploads\/2023\/02\/commande_80.pdf\"><strong>Bon de commande<\/strong><\/a><br>\u00e0 t\u00e9l\u00e9charger<\/p>\n\n\n\n<h1 class=\"wp-block-heading\">Le retour des Prisonniers de Guerre<\/h1>\n\n\n","protected":false},"excerpt":{"rendered":"<p>&#8230;de l&#8217;ouverture du camp (13 avril 1942) Bon de commande\u00e0 t\u00e9l\u00e9charger Le retour des Prisonniers de Guerre<\/p>\n","protected":false},"author":1,"featured_media":0,"parent":0,"menu_order":0,"comment_status":"closed","ping_status":"closed","template":"","meta":{"_bbp_topic_count":0,"_bbp_reply_count":0,"_bbp_total_topic_count":0,"_bbp_total_reply_count":0,"_bbp_voice_count":0,"_bbp_anonymous_reply_count":0,"_bbp_topic_count_hidden":0,"_bbp_reply_count_hidden":0,"_bbp_forum_subforum_count":0,"_crdt_document":"","two_page_speed":[],"footnotes":""},"class_list":["post-9710","page","type-page","status-publish","hentry"],"_links":{"self":[{"href":"https:\/\/rawa-ruska-union-nationale.fr\/index.php\/wp-json\/wp\/v2\/pages\/9710","targetHints":{"allow":["GET"]}}],"collection":[{"href":"https:\/\/rawa-ruska-union-nationale.fr\/index.php\/wp-json\/wp\/v2\/pages"}],"about":[{"href":"https:\/\/rawa-ruska-union-nationale.fr\/index.php\/wp-json\/wp\/v2\/types\/page"}],"author":[{"embeddable":true,"href":"https:\/\/rawa-ruska-union-nationale.fr\/index.php\/wp-json\/wp\/v2\/users\/1"}],"replies":[{"embeddable":true,"href":"https:\/\/rawa-ruska-union-nationale.fr\/index.php\/wp-json\/wp\/v2\/comments?post=9710"}],"version-history":[{"count":6,"href":"https:\/\/rawa-ruska-union-nationale.fr\/index.php\/wp-json\/wp\/v2\/pages\/9710\/revisions"}],"predecessor-version":[{"id":9885,"href":"https:\/\/rawa-ruska-union-nationale.fr\/index.php\/wp-json\/wp\/v2\/pages\/9710\/revisions\/9885"}],"wp:attachment":[{"href":"https:\/\/rawa-ruska-union-nationale.fr\/index.php\/wp-json\/wp\/v2\/media?parent=9710"}],"curies":[{"name":"wp","href":"https:\/\/api.w.org\/{rel}","templated":true}]}}